{"id":2275,"date":"2024-03-29T02:55:55","date_gmt":"2024-03-29T02:55:55","guid":{"rendered":"https:\/\/360sport.com.vn\/?post_type=product&#038;p=2275"},"modified":"2026-04-14T16:01:14","modified_gmt":"2026-04-14T16:01:14","slug":"360-sport-combo-5-doi-tat-the-thao-da-nang","status":"publish","type":"product","link":"https:\/\/360sport.com.vn\/?product=360-sport-combo-5-doi-tat-the-thao-da-nang","title":{"rendered":"COMBO 5 \u0110\u00f4i T\u1ea5t c\u1ed5 cao 360 SPORT, T\u1ea5t Th\u1ec3 Thao \u0110a N\u0103ng, T\u1ea5t \u0110\u00e1 B\u00f3ng Ph\u00f9 H\u1ee3p V\u1edbi Nhi\u1ec1u M\u00f4n Th\u1ec3 Thao"},"content":{"rendered":"<p><img loading=\"lazy\" decoding=\"async\" class=\"size-medium wp-image-3156 aligncenter\" src=\"https:\/\/360sport.com.vn\/wp-content\/uploads\/2024\/03\/Combo-5-doi-tat-300x300.png\" alt=\"\" width=\"300\" height=\"300\" srcset=\"https:\/\/360sport.com.vn\/wp-content\/uploads\/2024\/03\/Combo-5-doi-tat-300x300.png 300w, https:\/\/360sport.com.vn\/wp-content\/uploads\/2024\/03\/Combo-5-doi-tat-150x150.png 150w, https:\/\/360sport.com.vn\/wp-content\/uploads\/2024\/03\/Combo-5-doi-tat-100x100.png 100w, https:\/\/360sport.com.vn\/wp-content\/uploads\/2024\/03\/Combo-5-doi-tat.png 600w\" sizes=\"auto, (max-width: 300px) 100vw, 300px\" \/><\/p>\n<p style=\"text-align: left;\"><em>T\u1ea5t \u0111\u01b0\u1ee3c thi\u1ebft k\u1ebf ri\u00eang cho nh\u1eefng ng\u01b0\u1eddi y\u00eau th\u00edch th\u1ec3 thao.<\/em><\/p>\n<p style=\"text-align: left;\">\u0110\u1ed9 tu\u1ed5i: Ng\u01b0\u1eddi l\u1edbn<\/p>\n<p style=\"text-align: left;\">Gi\u1edbi t\u00ednh: Unisex<\/p>\n<p style=\"text-align: left;\">Khu v\u1ef1c s\u1ea3n xu\u1ea5t: Vi\u1ec7t Nam<\/p>\n<p style=\"text-align: left;\">S\u1ed1 l\u01b0\u1ee3ng: 5 \u0111\u00f4i<\/p>\n<p style=\"text-align: left;\"><strong>\u01afu \u0111i\u1ec3m<\/strong><\/p>\n<p style=\"text-align: left;\">&#8211; L\u00e0 l\u1ef1a ch\u1ecdn l\u00fd t\u01b0\u1edfng v\u00e0 ph\u00f9 h\u01a1p v\u1edbi m\u1ecdi ho\u1ea1t \u0111\u1ed9ng t\u1eadp luy\u1ec7n th\u1ec3 thao: Ch\u1ea1y b\u1ed9, \u0111\u00e1 b\u00f3ng, b\u00f3ng r\u1ed5, yoga, gym,..<\/p>\n<p style=\"text-align: left;\">&#8211; D\u1ec5 d\u00e0ng gi\u1eb7t m\u00e1y v\u00e0 b\u1ea3o qu\u1ea3n, gi\u1eef nguy\u00ean m\u00e0u v\u00e0 \u0111\u00e0n h\u1ed3i qua th\u1eddi gian s\u1eed d\u1ee5ng.<\/p>\n<p style=\"text-align: left;\">H\u00e3y mua n\u01b0\u1edbc u\u1ed1ng th\u1ec3 thao 360 SPORT \u0111\u1ec3 nh\u1eadn \u0111\u01b0\u1ee3c qu\u00e0 t\u1eb7ng t\u1ea5t th\u1ec3 thao \u0111a n\u0103ng!<\/p>\n<p style=\"text-align: left;\">#360sport #nhipsong360 #360sport #thanhquanhealthcare #binhnuocthethao #tatthethao<\/p>\n","protected":false},"excerpt":{"rendered":"<p>T\u1ea5t Th\u1ec3 Thao \u0110a N\u0103ng 360 SPORT l\u00e0 m\u00f3n qu\u00e0 \u00fd ngh\u0129a d\u00e0nh cho b\u1ea3n th\u00e2n, b\u1ea1n b\u00e8 v\u00e0 ng\u01b0\u1eddi th\u00e2n y\u00eau \u2013 nh\u1eefng ng\u01b0\u1eddi \u0111am m\u00ea th\u1ec3 thao v\u00e0 lu\u00f4n h\u01b0\u1edbng \u0111\u1ebfn l\u1ed1i s\u1ed1ng kh\u1ecfe m\u1ea1nh.<\/p>\n<p>Mua ngay T\u1ea5t Th\u1ec3 Thao \u0110a N\u0103ng 360 SPORT \u0111\u1ec3 n\u00e2ng t\u1ea7m tr\u1ea3i nghi\u1ec7m th\u1ec3 thao c\u1ee7a b\u1ea1n!<\/p>\n","protected":false},"featured_media":3156,"comment_status":"closed","ping_status":"closed","template":"","meta":{"inline_featured_image":false},"product_brand":[],"product_cat":[20],"product_tag":[46],"class_list":{"0":"post-2275","1":"product","2":"type-product","3":"status-publish","4":"has-post-thumbnail","6":"product_cat-tat-the-thao","7":"product_tag-tatthethao","9":"first","10":"instock","11":"sale","12":"shipping-taxable","13":"purchasable","14":"product-type-simple"},"_links":{"self":[{"href":"https:\/\/360sport.com.vn\/index.php?rest_route=\/wp\/v2\/product\/2275","targetHints":{"allow":["GET"]}}],"collection":[{"href":"https:\/\/360sport.com.vn\/index.php?rest_route=\/wp\/v2\/product"}],"about":[{"href":"https:\/\/360sport.com.vn\/index.php?rest_route=\/wp\/v2\/types\/product"}],"replies":[{"embeddable":true,"href":"https:\/\/360sport.com.vn\/index.php?rest_route=%2Fwp%2Fv2%2Fcomments&post=2275"}],"wp:featuredmedia":[{"embeddable":true,"href":"https:\/\/360sport.com.vn\/index.php?rest_route=\/wp\/v2\/media\/3156"}],"wp:attachment":[{"href":"https:\/\/360sport.com.vn\/index.php?rest_route=%2Fwp%2Fv2%2Fmedia&parent=2275"}],"wp:term":[{"taxonomy":"product_brand","embeddable":true,"href":"https:\/\/360sport.com.vn\/index.php?rest_route=%2Fwp%2Fv2%2Fproduct_brand&post=2275"},{"taxonomy":"product_cat","embeddable":true,"href":"https:\/\/360sport.com.vn\/index.php?rest_route=%2Fwp%2Fv2%2Fproduct_cat&post=2275"},{"taxonomy":"product_tag","embeddable":true,"href":"https:\/\/360sport.com.vn\/index.php?rest_route=%2Fwp%2Fv2%2Fproduct_tag&post=2275"}],"curies":[{"name":"wp","href":"https:\/\/api.w.org\/{rel}","templated":true}]}}