{"id":108,"date":"2026-04-14T03:12:56","date_gmt":"2026-04-14T03:12:56","guid":{"rendered":"https:\/\/360sport.com.vn\/?page_id=108"},"modified":"2026-04-14T15:37:15","modified_gmt":"2026-04-14T15:37:15","slug":"gioi-thieu","status":"publish","type":"page","link":"https:\/\/360sport.com.vn\/?page_id=108","title":{"rendered":"Gi\u1edbi thi\u1ec7u"},"content":{"rendered":"\n\t<section class=\"section\" id=\"section_34673918\">\n\t\t<div class=\"section-bg fill\" >\n\t\t\t\t\t\t\t\t\t\n\t\t\t\n\n\t\t<\/div>\n\n\t\t\n\n\t\t<div class=\"section-content relative\">\n\t\t\t\n\t<div class=\"img has-hover x md-x lg-x y md-y lg-y\" id=\"image_456147553\">\n\t\t\t\t\t\t\t\t<div class=\"img-inner dark\" >\n\t\t\t<img loading=\"lazy\" decoding=\"async\" width=\"2337\" height=\"1251\" src=\"https:\/\/360sport.com.vn\/wp-content\/uploads\/2026\/04\/z5339288127488_6591831f7c85faba030ba756c56349dd-e1713257978227-1.jpg\" class=\"attachment-original size-original\" alt=\"\" srcset=\"https:\/\/360sport.com.vn\/wp-content\/uploads\/2026\/04\/z5339288127488_6591831f7c85faba030ba756c56349dd-e1713257978227-1.jpg 2337w, https:\/\/360sport.com.vn\/wp-content\/uploads\/2026\/04\/z5339288127488_6591831f7c85faba030ba756c56349dd-e1713257978227-1-300x161.jpg 300w, https:\/\/360sport.com.vn\/wp-content\/uploads\/2026\/04\/z5339288127488_6591831f7c85faba030ba756c56349dd-e1713257978227-1-1024x548.jpg 1024w, https:\/\/360sport.com.vn\/wp-content\/uploads\/2026\/04\/z5339288127488_6591831f7c85faba030ba756c56349dd-e1713257978227-1-768x411.jpg 768w, https:\/\/360sport.com.vn\/wp-content\/uploads\/2026\/04\/z5339288127488_6591831f7c85faba030ba756c56349dd-e1713257978227-1-1536x822.jpg 1536w, https:\/\/360sport.com.vn\/wp-content\/uploads\/2026\/04\/z5339288127488_6591831f7c85faba030ba756c56349dd-e1713257978227-1-2048x1096.jpg 2048w, https:\/\/360sport.com.vn\/wp-content\/uploads\/2026\/04\/z5339288127488_6591831f7c85faba030ba756c56349dd-e1713257978227-1-600x321.jpg 600w\" sizes=\"auto, (max-width: 2337px) 100vw, 2337px\" \/>\t\t\t\t\t\t\n\t\t\t\t\t<\/div>\n\t\t\t\t\t\t\t\t\n<style>\n#image_456147553 {\n  width: 100%;\n}\n<\/style>\n\t<\/div>\n\t\n\t\t<\/div>\n\n\t\t\n<style>\n#section_34673918 {\n  padding-top: 0px;\n  padding-bottom: 0px;\n}\n<\/style>\n\t<\/section>\n\t\n\n\t<section class=\"section\" id=\"section_1923348286\">\n\t\t<div class=\"section-bg fill\" >\n\t\t\t\t\t\t\t\t\t\n\t\t\t\n\n\t\t<\/div>\n\n\t\t\n\n\t\t<div class=\"section-content relative\">\n\t\t\t\n<div class=\"row row-collapse\"  id=\"row-302569332\">\n\n\t<div id=\"col-521158783\" class=\"col small-12 large-12\"  >\n\t\t\t\t<div class=\"col-inner\"  >\n\t\t\t\n\t\t\t\n<div class=\"container section-title-container\" ><h2 class=\"section-title section-title-center\"><b><\/b><span class=\"section-title-main\" style=\"font-size:110%;color:rgb(27, 48, 97);\">V\u1ec1 360 Sport<\/span><b><\/b><\/h2><\/div>\n\t\t<\/div>\n\t\t\t\t\n<style>\n#col-521158783 > .col-inner {\n  margin: 0px 0px 70px 0px;\n}\n<\/style>\n\t<\/div>\n\n\t\n<\/div>\n<div class=\"row\"  id=\"row-518535575\">\n\n\t<div id=\"col-217502455\" class=\"col medium-4 small-12 large-4\"  >\n\t\t\t\t<div class=\"col-inner\"  >\n\t\t\t\n\t\t\t\n\t<div class=\"box has-hover feature-basic  has-hover box-text-bottom\" >\n\n\t\t<div class=\"box-image\" >\n\t\t\t\t\t\t<div class=\"image-zoom\" >\n\t\t\t\t<img loading=\"lazy\" decoding=\"async\" width=\"1024\" height=\"349\" src=\"https:\/\/360sport.com.vn\/wp-content\/uploads\/2026\/04\/LEVAGEN-LOGO-CS5-PLUS-1024x349-1.png\" class=\"attachment- size-\" alt=\"\" srcset=\"https:\/\/360sport.com.vn\/wp-content\/uploads\/2026\/04\/LEVAGEN-LOGO-CS5-PLUS-1024x349-1.png 1024w, https:\/\/360sport.com.vn\/wp-content\/uploads\/2026\/04\/LEVAGEN-LOGO-CS5-PLUS-1024x349-1-300x102.png 300w, https:\/\/360sport.com.vn\/wp-content\/uploads\/2026\/04\/LEVAGEN-LOGO-CS5-PLUS-1024x349-1-768x262.png 768w, https:\/\/360sport.com.vn\/wp-content\/uploads\/2026\/04\/LEVAGEN-LOGO-CS5-PLUS-1024x349-1-600x204.png 600w\" sizes=\"auto, (max-width: 1024px) 100vw, 1024px\" \/>\t\t\t\t\t\t\t\t\t\t\t<\/div>\n\t\t\t\t\t<\/div>\n\n\t\t<div class=\"box-text text-center\" >\n\t\t\t<div class=\"box-text-inner\">\n\t\t\t\t\n\t<div id=\"text-1472877222\" class=\"text cus-text-gt\">\n\t\t\n<h3>LEVAGEN +<\/h3>\n<p><span>LEVAGEN+ gi\u00fap gi\u1ea3m \u0111au v\u00e0 ch\u1ed1ng vi\u00eam t\u1ef1 nhi\u00ean, gi\u00fap gi\u1ea3m \u0111au c\u01a1 v\u00e0 vi\u00eam nhanh ch\u00f3ng, h\u1ed7 tr\u1ee3 qu\u00e1 tr\u00ecnh ph\u1ee5c h\u1ed3i sau t\u1eadp luy\u1ec7n.<\/span><\/p>\n\t\t\t<\/div>\n\t\n\t\t\t<\/div>\n\t\t<\/div>\n\t<\/div>\n\t\n\t\t<\/div>\n\t\t\t\t\t<\/div>\n\n\t\n\n\t<div id=\"col-295098210\" class=\"col medium-4 small-12 large-4\"  >\n\t\t\t\t<div class=\"col-inner\"  >\n\t\t\t\n\t\t\t\n\t<div class=\"box has-hover feature-basic  has-hover box-text-bottom\" >\n\n\t\t<div class=\"box-image\" >\n\t\t\t\t\t\t<div class=\"image-zoom\" >\n\t\t\t\t<img loading=\"lazy\" decoding=\"async\" width=\"42\" height=\"42\" src=\"https:\/\/360sport.com.vn\/wp-content\/uploads\/2026\/04\/honey-e1711734287137-1.png\" class=\"attachment- size-\" alt=\"\" \/>\t\t\t\t\t\t\t\t\t\t\t<\/div>\n\t\t\t\t\t<\/div>\n\n\t\t<div class=\"box-text text-center\" >\n\t\t\t<div class=\"box-text-inner\">\n\t\t\t\t\n\t<div id=\"text-2434140449\" class=\"text cus-text-gt\">\n\t\t\n<h3>LEVAGEN +<\/h3>\n<p><span>LEVAGEN+ gi\u00fap gi\u1ea3m \u0111au v\u00e0 ch\u1ed1ng vi\u00eam t\u1ef1 nhi\u00ean, gi\u00fap gi\u1ea3m \u0111au c\u01a1 v\u00e0 vi\u00eam nhanh ch\u00f3ng, h\u1ed7 tr\u1ee3 qu\u00e1 tr\u00ecnh ph\u1ee5c h\u1ed3i sau t\u1eadp luy\u1ec7n.<\/span><\/p>\n\t\t\t<\/div>\n\t\n\t\t\t<\/div>\n\t\t<\/div>\n\t<\/div>\n\t\n\t\t<\/div>\n\t\t\t\t\t<\/div>\n\n\t\n\n\t<div id=\"col-315472778\" class=\"col medium-4 small-12 large-4\"  >\n\t\t\t\t<div class=\"col-inner\"  >\n\t\t\t\n\t\t\t\n\t<div class=\"box has-hover feature-basic  has-hover box-text-bottom\" >\n\n\t\t<div class=\"box-image\" >\n\t\t\t\t\t\t<div class=\"image-zoom\" >\n\t\t\t\t<img loading=\"lazy\" decoding=\"async\" width=\"512\" height=\"512\" src=\"https:\/\/360sport.com.vn\/wp-content\/uploads\/2026\/04\/ginseng.png\" class=\"attachment- size-\" alt=\"\" srcset=\"https:\/\/360sport.com.vn\/wp-content\/uploads\/2026\/04\/ginseng.png 512w, https:\/\/360sport.com.vn\/wp-content\/uploads\/2026\/04\/ginseng-300x300.png 300w, https:\/\/360sport.com.vn\/wp-content\/uploads\/2026\/04\/ginseng-150x150.png 150w, https:\/\/360sport.com.vn\/wp-content\/uploads\/2026\/04\/ginseng-100x100.png 100w\" sizes=\"auto, (max-width: 512px) 100vw, 512px\" \/>\t\t\t\t\t\t\t\t\t\t\t<\/div>\n\t\t\t\t\t<\/div>\n\n\t\t<div class=\"box-text text-center\" >\n\t\t\t<div class=\"box-text-inner\">\n\t\t\t\t\n\t<div id=\"text-2512224842\" class=\"text cus-text-gt\">\n\t\t\n<h3>LEVAGEN +<\/h3>\n<p><span>LEVAGEN+ gi\u00fap gi\u1ea3m \u0111au v\u00e0 ch\u1ed1ng vi\u00eam t\u1ef1 nhi\u00ean, gi\u00fap gi\u1ea3m \u0111au c\u01a1 v\u00e0 vi\u00eam nhanh ch\u00f3ng, h\u1ed7 tr\u1ee3 qu\u00e1 tr\u00ecnh ph\u1ee5c h\u1ed3i sau t\u1eadp luy\u1ec7n.<\/span><\/p>\n\t\t\t<\/div>\n\t\n\t\t\t<\/div>\n\t\t<\/div>\n\t<\/div>\n\t\n\t\t<\/div>\n\t\t\t\t\t<\/div>\n\n\t\n<\/div>\n\t\t<\/div>\n\n\t\t\n<style>\n#section_1923348286 {\n  padding-top: 80px;\n  padding-bottom: 80px;\n}\n<\/style>\n\t<\/section>\n\t\n\n\t<section class=\"section sec-gt-4\" id=\"section_1981229143\">\n\t\t<div class=\"section-bg fill\" >\n\t\t\t<img loading=\"lazy\" decoding=\"async\" width=\"1920\" height=\"820\" src=\"https:\/\/360sport.com.vn\/wp-content\/uploads\/2026\/04\/z5345168863980_96677c31f79337cc2104407af3b6de31.jpg\" class=\"bg attachment-original size-original\" alt=\"\" \/>\t\t\t\t\t\t\n\t\t\t\n\n\t\t<\/div>\n\n\t\t\n\n\t\t<div class=\"section-content relative\">\n\t\t\t\n<div class=\"row row-collapse\"  id=\"row-1651298211\">\n\n\t<div id=\"col-954237185\" class=\"col small-12 large-12\"  >\n\t\t\t\t<div class=\"col-inner\"  >\n\t\t\t\n\t\t\t\n<div class=\"container section-title-container\" ><h2 class=\"section-title section-title-center\"><b><\/b><span class=\"section-title-main\" style=\"font-size:110%;color:rgb(27, 48, 97);\">C\u00c2U CHUY\u1ec6N TH\u01af\u01a0NG HI\u1ec6U<\/span><b><\/b><\/h2><\/div>\n<div class=\"row row-large\"  id=\"row-1889439393\">\n\n\t<div id=\"col-113509237\" class=\"col medium-7 small-12 large-7\"  >\n\t\t\t\t<div class=\"col-inner\"  >\n\t\t\t\n\t\t\t\n<h3 class=\"title font_normal\">360 SPORT TH\u1ee8C U\u1ed0NG B\u1ed4 SUNG N\u0102NG L\u01af\u1ee2NG M\u1edaI<\/h3>\n<div class=\"content\">\n<p>NGHI\u00caN C\u1ee8U V\u00c0 PH\u00c1T TRI\u1ec2N<\/p>\n<p>S\u1ea3n ph\u1ea9m 360\u00a0SPORT \u0111\u01b0\u1ee3c nghi\u00ean c\u1ee9u d\u1ef1a tr\u00ean\u00a0th\u1ec3 tr\u1ea1ng v\u00e0 nhu c\u1ea7u\u00a0c\u1ee7a ng\u01b0\u1eddi Vi\u1ec7t.\u00a0V\u1edbi c\u00e1c th\u00e0nh ph\u1ea7n t\u1ed1i \u01b0u 360\u00a0SPORT\u00a0l\u00e0 s\u1ea3n ph\u1ea9m t\u0103ng l\u1ef1c, b\u00f9\u00a0kho\u00e1ng, b\u00f9 \u0111i\u1ec7n gi\u1ea3i\u00a0\u0111\u1ea7u ti\u00ean tr\u00ean th\u1ecb tr\u01b0\u1eddng Vi\u1ec7t Nam s\u1eed d\u1ee5ng\u00a0<strong><b>LEVAGEN+<\/b><\/strong>\u00a0k\u1ebft h\u1ee3p v\u1edbi\u00a0<strong><b>H\u1ed3ng S\u00e2m<\/b><\/strong><strong><b>, \u0110<\/b><\/strong><strong><b>\u01b0\u1eddng c\u1ecf ng\u1ecdt<\/b><\/strong>\u00a0v\u00e0 c\u00e1c ch\u1ea5t \u0111i\u1ec7n gi\u1ea3i t\u1ea1o n\u00ean c\u00f4ng th\u1ee9c \u0111\u1ed9c \u0111\u00e1o c\u00f3 c\u00f4ng\u00a0d\u1ee5ng ng\u0103n ng\u1eeba nguy c\u01a1 chu\u1ed9t r\u00fat, h\u1ed7 tr\u1ee3 ph\u1ee5c h\u1ed3i c\u01a1 b\u1eafp v\u00e0 gi\u1ea3m m\u1ec7t m\u1ecfi sau t\u1eadp luy\u1ec7n.<\/p>\n<p>Ch\u00fang t\u00f4i v\u1edbi mong mu\u1ed1n thay \u0111\u1ed5i th\u00f3i quen s\u1eed d\u1ee5ng n\u01b0\u1edbc c\u1ee7a ng\u01b0\u1eddi Vi\u1ec7t v\u00e0 mang \u0111\u1ebfn gi\u1ea3i ph\u00e1p an to\u00e0n nh\u1ea5t cho vi\u1ec7c u\u1ed1ng n\u01b0\u1edbc v\u00e0 b\u1ed5 sung kho\u00e1ng ch\u1ea5t th\u01b0\u1eddng xuy\u00ean. Th\u00e0nh Qu\u00e2n Healthcare mong mu\u1ed1n truy\u1ec1n t\u1ea3i nh\u1eefng gi\u00e1 tr\u1ecb t\u00edch c\u1ef1c \u0111\u1ebfn c\u1ed9ng \u0111\u1ed3ng ng\u01b0\u1eddi Vi\u1ec7t, n\u00e2ng cao ch\u1ea5t l\u01b0\u1ee3ng ch\u0103m s\u00f3c s\u1ee9c kh\u1ecfe v\u00e0 t\u1eeb \u0111\u00f3 n\u00e2ng cao ch\u1ea5t l\u01b0\u1ee3ng cu\u1ed9c s\u1ed1ng. V\u00ec l\u1ebd \u0111\u00f3 s\u1ea3n ph\u1ea9m\u00a0<strong><b>360 SPORT<\/b><\/strong>\u00a0ra \u0111\u1eddi nh\u1eb1m \u0111em t\u1edbi gi\u1ea3i ph\u00e1p b\u1ed5 sung n\u01b0\u1edbc hi\u1ec7u qu\u1ea3 cho c\u1ed9ng \u0111\u1ed3ng Vi\u1ec7t. C\u1ea3i thi\u1ec7n\u00a0s\u1ee9c kho\u1ebb nh\u1edd vi\u1ec7c b\u1ed5 sung n\u01b0\u1edbc c\u00f3 ch\u1ee9a c\u00e1c ho\u1ea1t ch\u1ea5t, kho\u00e1ng ch\u1ea5t c\u1ea7n thi\u1ebft v\u00e0 \u01b0u vi\u1ec7t gi\u00fap c\u01a1 th\u1ec3 c\u00f3 th\u00eam nhi\u1ec1u n\u0103ng l\u01b0\u1ee3ng ph\u1ee5c v\u1ee5 cho m\u1ecdi ho\u1ea1t \u0111\u1ed9ng \u0111\u1eddi th\u01b0\u1eddng c\u0169ng nh\u01b0 trong luy\u1ec7n\u00a0t\u1eadp th\u1ec3 thao.<\/p>\n<p><strong><b>360 SPORT ra \u0111\u1eddi v\u1edbi ph\u01b0\u01a1ng ch\u00e2m \u0111<\/b><\/strong><strong><b>\u1ed3ng h\u00e0nh c\u00f9ng c\u1ed9ng \u0111\u1ed3ng Vi\u1ec7t \u0111\u1ec3 h\u01b0\u1edbng t\u1edbi m\u1ed9t t\u01b0\u01a1ng lai t\u1ed1t \u0111\u1eb9p h\u01a1n.<\/b><\/strong><\/p>\n<\/div>\n\t\t<\/div>\n\t\t\t\t\t<\/div>\n\n\t\n<\/div>\n\t\t<\/div>\n\t\t\t\t\t<\/div>\n\n\t\n<\/div>\n\t\t<\/div>\n\n\t\t\n<style>\n#section_1981229143 {\n  padding-top: 0px;\n  padding-bottom: 0px;\n}\n#section_1981229143 .section-bg img {\n  object-position: 53% 48%;\n}\n<\/style>\n\t<\/section>\n\t\n\n\t<section class=\"section\" id=\"section_275989166\">\n\t\t<div class=\"section-bg fill\" >\n\t\t\t\t\t\t\t\t\t\n\t\t\t\n\n\t\t<\/div>\n\n\t\t\n\n\t\t<div class=\"section-content relative\">\n\t\t\t\n<div class=\"container section-title-container\" ><h2 class=\"section-title section-title-center\"><b><\/b><span class=\"section-title-main\" style=\"font-size:110%;color:rgb(27, 48, 97);\">GI\u00c1 TR\u1eca TH\u01af\u01a0NG HI\u1ec6U<\/span><b><\/b><\/h2><\/div>\n<div class=\"row\"  id=\"row-40437233\">\n\n\t<div id=\"col-872717249\" class=\"col small-12 large-12\"  >\n\t\t\t\t<div class=\"col-inner\"  >\n\t\t\t\n\t\t\t\n\n\t\t<\/div>\n\t\t\t\t\t<\/div>\n\n\t\n<\/div>\n<div class=\"row align-middle\"  id=\"row-499822737\">\n\n\t<div id=\"col-1228277889\" class=\"col medium-6 small-12 large-6\"  >\n\t\t\t\t<div class=\"col-inner\"  >\n\t\t\t\n\t\t\t\n\t<div class=\"img has-hover x md-x lg-x y md-y lg-y\" id=\"image_613726223\">\n\t\t\t\t\t\t\t\t<div class=\"img-inner dark\" >\n\t\t\t<img loading=\"lazy\" decoding=\"async\" width=\"2560\" height=\"2364\" src=\"https:\/\/360sport.com.vn\/wp-content\/uploads\/2026\/04\/5-1-scaled-1.jpg\" class=\"attachment-original size-original\" alt=\"\" srcset=\"https:\/\/360sport.com.vn\/wp-content\/uploads\/2026\/04\/5-1-scaled-1.jpg 2560w, https:\/\/360sport.com.vn\/wp-content\/uploads\/2026\/04\/5-1-scaled-1-300x277.jpg 300w, https:\/\/360sport.com.vn\/wp-content\/uploads\/2026\/04\/5-1-scaled-1-1024x946.jpg 1024w, https:\/\/360sport.com.vn\/wp-content\/uploads\/2026\/04\/5-1-scaled-1-768x709.jpg 768w, https:\/\/360sport.com.vn\/wp-content\/uploads\/2026\/04\/5-1-scaled-1-1536x1418.jpg 1536w, https:\/\/360sport.com.vn\/wp-content\/uploads\/2026\/04\/5-1-scaled-1-2048x1891.jpg 2048w, https:\/\/360sport.com.vn\/wp-content\/uploads\/2026\/04\/5-1-scaled-1-600x554.jpg 600w\" sizes=\"auto, (max-width: 2560px) 100vw, 2560px\" \/>\t\t\t\t\t\t\n\t\t\t\t\t<\/div>\n\t\t\t\t\t\t\t\t\n<style>\n#image_613726223 {\n  width: 100%;\n}\n<\/style>\n\t<\/div>\n\t\n\t\t<\/div>\n\t\t\t\t\t<\/div>\n\n\t\n\n\t<div id=\"col-1506852829\" class=\"col medium-6 small-12 large-6\"  >\n\t\t\t\t<div class=\"col-inner\"  >\n\t\t\t\n\t\t\t\n\n<div class=\"wrap_content_tabs\">\n<p>    <!-- icon --><\/p>\n<div class=\"box_content\">\n        <img decoding=\"async\" src=\"\/wp-content\/uploads\/2026\/04\/vietnam_flag.png\" class=\"icon\" alt=\"\"><\/p>\n<p>        <!-- title --><\/p>\n<h3 class=\"text_up\">\n            H\u00c0NG VI\u1ec6T NAM CH\u1ea4T L\u01af\u1ee2NG CAO<br \/>\n        <\/h3>\n<p>        <!-- content --><\/p>\n<div class=\"content1\">\n<p>\n                S\u1ea3n ph\u1ea9m 360 SPORT \u0111\u01b0\u1ee3c s\u1ea3n xu\u1ea5t t\u1ea1i C\u00f4ng ty c\u1ed5 ph\u1ea7n D\u01b0\u1ee3c ph\u1ea9m Fresh Life, c\u00f3 quy tr\u00ecnh v\u00e0 quy chu\u1ea9n r\u00f5 r\u00e0ng theo y\u00eau c\u1ea7u ti\u00eau chu\u1ea9n c\u1ee7a B\u1ed9 Y t\u1ebf, h\u1ec7 th\u1ed1ng m\u00e1y m\u00f3c hi\u1ec7n \u0111\u1ea1i c\u00f9ng c\u00e1c D\u01b0\u1ee3c s\u0129 \u0111\u1ea7u ng\u00e0nh tr\u1ef1c ti\u1ebfp ch\u1ec9 \u0111\u1ea1o s\u1ea3n xu\u1ea5t v\u00e0 \u0111\u1ed9i ng\u0169 nh\u00e2n s\u1ef1 d\u00e0y d\u1eb7n kinh nghi\u1ec7m \u0111\u01b0\u1ee3c trang b\u1ecb nh\u1eefng b\u1ed9 \u0111\u1ed3 b\u1ea3o h\u1ed9 ti\u1ec7t tr\u00f9ng s\u00e1t khu\u1ea9n quy chu\u1ea9n theo \u0111\u00fang quy \u0111\u1ecbnh \u0111\u1ea3m b\u1ea3o an to\u00e0n v\u00e0 v\u1ec7 sinh.\n            <\/p>\n<\/p><\/div>\n<\/p><\/div>\n<\/div>\n\n\t\t<\/div>\n\t\t\t\t\t<\/div>\n\n\t\n<\/div>\n<div class=\"row align-middle\"  id=\"row-1490780800\">\n\n\t<div id=\"col-996878870\" class=\"col medium-6 small-12 large-6\"  >\n\t\t\t\t<div class=\"col-inner\"  >\n\t\t\t\n\t\t\t\n\n<div class=\"wrap_content_tabs\">\n<p>    <!-- icon --><\/p>\n<div class=\"box_content\">\n<p>        <!-- title --><\/p>\n<h3 class=\"text_up\">\n            \u0110\u0102C \u0110I\u1ec2M N\u1ed4I B\u1eacT<br \/>\n        <\/h3>\n<p>        <!-- content --><\/p>\n<div class=\"content1\">\n<ul>\n<li>KH\u00d4NG PH\u1ea8M M\u00c0U<\/li>\n<li>KH\u00d4NG \u0110\u01af\u1edcNG HO\u00c1 H\u1eccC<\/li>\n<li>B\u1ed4 SUNG N\u0102NG L\u01af\u1ee2NG T\u1ee8C TH\u00cc<\/li>\n<\/ul>\n<\/div>\n<\/div>\n<\/div>\n\n\t\t<\/div>\n\t\t\t\t\t<\/div>\n\n\t\n\n\t<div id=\"col-1548360769\" class=\"col medium-6 small-12 large-6\"  >\n\t\t\t\t<div class=\"col-inner\"  >\n\t\t\t\n\t\t\t\n\t<div class=\"img has-hover x md-x lg-x y md-y lg-y\" id=\"image_106273999\">\n\t\t\t\t\t\t\t\t<div class=\"img-inner dark\" >\n\t\t\t<img loading=\"lazy\" decoding=\"async\" width=\"2560\" height=\"2381\" src=\"https:\/\/360sport.com.vn\/wp-content\/uploads\/2026\/04\/4-1-scaled.jpg\" class=\"attachment-original size-original\" alt=\"\" srcset=\"https:\/\/360sport.com.vn\/wp-content\/uploads\/2026\/04\/4-1-scaled.jpg 2560w, https:\/\/360sport.com.vn\/wp-content\/uploads\/2026\/04\/4-1-300x279.jpg 300w, https:\/\/360sport.com.vn\/wp-content\/uploads\/2026\/04\/4-1-1024x952.jpg 1024w, https:\/\/360sport.com.vn\/wp-content\/uploads\/2026\/04\/4-1-768x714.jpg 768w, https:\/\/360sport.com.vn\/wp-content\/uploads\/2026\/04\/4-1-1536x1428.jpg 1536w, https:\/\/360sport.com.vn\/wp-content\/uploads\/2026\/04\/4-1-2048x1905.jpg 2048w, https:\/\/360sport.com.vn\/wp-content\/uploads\/2026\/04\/4-1-600x558.jpg 600w\" sizes=\"auto, (max-width: 2560px) 100vw, 2560px\" \/>\t\t\t\t\t\t\n\t\t\t\t\t<\/div>\n\t\t\t\t\t\t\t\t\n<style>\n#image_106273999 {\n  width: 100%;\n}\n<\/style>\n\t<\/div>\n\t\n\t\t<\/div>\n\t\t\t\t\t<\/div>\n\n\t\n<\/div>\n<div class=\"row align-middle\"  id=\"row-1878229763\">\n\n\t<div id=\"col-811365\" class=\"col medium-6 small-12 large-6\"  >\n\t\t\t\t<div class=\"col-inner\"  >\n\t\t\t\n\t\t\t\n\n<div class=\"wrap_content_tabs\">\n<p>    <!-- icon --><\/p>\n<div class=\"box_content\">\n<p>        <!-- title --><\/p>\n<h3 class=\"text_up\">\n            \u0110\u1ed0I T\u01af\u1ee2NG S\u1eec D\u1ee4NG<br \/>\n        <\/h3>\n<p>        <!-- content --><\/p>\n<div class=\"content1\">\n<ul>\n<li>360 SPORT ph\u00f9 h\u1ee3p cho nhi\u1ec1u \u0111\u1ed1i t\u01b0\u1ee3ng:<\/li>\n<li>Ng\u01b0\u1eddi luy\u1ec7n t\u1eadp th\u1ec3 thao: Gi\u00fap t\u0103ng c\u01b0\u1eddng hi\u1ec7u su\u1ea5t h\u1ed7 tr\u1ee3 ph\u1ee5c h\u1ed3i sau luy\u1ec7n t\u1eadp.<\/li>\n<li>Ng\u01b0\u1eddi v\u1eadn \u0111\u1ed9ng th\u1ec3 ch\u1ea5t nhi\u1ec1u: Cung c\u1ea5p n\u0103ng l\u01b0\u1ee3ng v\u00e0 duy tr\u00ec t\u1ec9nh t\u00e1o.<\/li>\n<li>Ng\u01b0\u1eddi di chuy\u1ec3n th\u01b0\u1eddng xuy\u00ean: B\u1ed5 sung kho\u00e1ng ch\u1ea5t v\u00e0 \u0111i\u1ec7n gi\u1ea3i ch\u1ed1ng m\u1ec7t m\u1ecfi.<\/li>\n<li>Nh\u00e2n vi\u00ean v\u0103n ph\u00f2ng, h\u1ecdc sinh, sinh vi\u00ean: Gi\u00fap t\u1eadp trung h\u1ecdc v\u00e0 l\u00e0m vi\u1ec7c hi\u1ec7u qu\u1ea3.<\/li>\n<\/ul>\n<\/div>\n<\/div>\n<\/div>\n\n\t\t<\/div>\n\t\t\t\t\t<\/div>\n\n\t\n\n\t<div id=\"col-490112158\" class=\"col medium-6 small-12 large-6\"  >\n\t\t\t\t<div class=\"col-inner\"  >\n\t\t\t\n\t\t\t\n\t<div class=\"img has-hover x md-x lg-x y md-y lg-y\" id=\"image_2047871821\">\n\t\t\t\t\t\t\t\t<div class=\"img-inner dark\" >\n\t\t\t<img loading=\"lazy\" decoding=\"async\" width=\"2560\" height=\"2388\" src=\"https:\/\/360sport.com.vn\/wp-content\/uploads\/2026\/04\/2-scaled.jpg\" class=\"attachment-original size-original\" alt=\"\" srcset=\"https:\/\/360sport.com.vn\/wp-content\/uploads\/2026\/04\/2-scaled.jpg 2560w, https:\/\/360sport.com.vn\/wp-content\/uploads\/2026\/04\/2-300x280.jpg 300w, https:\/\/360sport.com.vn\/wp-content\/uploads\/2026\/04\/2-1024x955.jpg 1024w, https:\/\/360sport.com.vn\/wp-content\/uploads\/2026\/04\/2-768x716.jpg 768w, https:\/\/360sport.com.vn\/wp-content\/uploads\/2026\/04\/2-1536x1433.jpg 1536w, https:\/\/360sport.com.vn\/wp-content\/uploads\/2026\/04\/2-2048x1910.jpg 2048w, https:\/\/360sport.com.vn\/wp-content\/uploads\/2026\/04\/2-600x560.jpg 600w\" sizes=\"auto, (max-width: 2560px) 100vw, 2560px\" \/>\t\t\t\t\t\t\n\t\t\t\t\t<\/div>\n\t\t\t\t\t\t\t\t\n<style>\n#image_2047871821 {\n  width: 100%;\n}\n<\/style>\n\t<\/div>\n\t\n\t\t<\/div>\n\t\t\t\t\t<\/div>\n\n\t\n<\/div>\n\t\t<\/div>\n\n\t\t\n<style>\n#section_275989166 {\n  padding-top: 30px;\n  padding-bottom: 30px;\n}\n<\/style>\n\t<\/section>\n\t\n\n\t<section class=\"section\" id=\"section_212645372\">\n\t\t<div class=\"section-bg fill\" >\n\t\t\t\t\t\t\t\t\t\n\t\t\t\n\n\t\t<\/div>\n\n\t\t\n\n\t\t<div class=\"section-content relative\">\n\t\t\t\n\n  <div class=\"banner has-hover\" id=\"banner-329661943\">\n          <div class=\"banner-inner fill\">\n        <div class=\"banner-bg fill\" >\n            <img loading=\"lazy\" decoding=\"async\" width=\"2030\" height=\"1408\" src=\"https:\/\/360sport.com.vn\/wp-content\/uploads\/2026\/04\/XUH02127-min-scaled-e1713016986935.jpg\" class=\"bg attachment-original size-original\" alt=\"\" \/>                        <div class=\"overlay\"><\/div>            \n                    <\/div>\n\t\t\n        <div class=\"banner-layers container\">\n            <div class=\"fill banner-link\"><\/div>            \n   <div id=\"text-box-454117015\" class=\"text-box banner-layer x0 md-x0 lg-x0 y20 md-y20 lg-y20 res-text\">\n                                <div class=\"text-box-content text dark\">\n              \n              <div class=\"text-inner text-center\">\n                  \n\t<div id=\"text-864355223\" class=\"text\">\n\t\t\n<div class=\"banner-quote\">\n<blockquote>\n<p style=\"text-align: left;\">Th\u01b0\u01a1ng hi\u1ec7u s\u1ea3n xu\u1ea5t<br \/>ho\u00e0n to\u00e0n t\u1ea1i Vi\u1ec7t Nam<\/p>\n<\/blockquote>\n<\/div>\n\t\t\n<style>\n#text-864355223 {\n  text-align: left;\n}\n<\/style>\n\t<\/div>\n\t\n              <\/div>\n           <\/div>\n                            \n<style>\n#text-box-454117015 {\n  width: 60%;\n}\n#text-box-454117015 .text-box-content {\n  font-size: 100%;\n}\n<\/style>\n    <\/div>\n \n        <\/div>\n      <\/div>\n\n            \n<style>\n#banner-329661943 {\n  padding-top: 657px;\n}\n#banner-329661943 .overlay {\n  background-color: rgba(0,0,0,.5);\n}\n#banner-329661943 .banner-bg img {\n  object-position: 55% 51%;\n}\n<\/style>\n  <\/div>\n\n\n\t\t<\/div>\n\n\t\t\n<style>\n#section_212645372 {\n  padding-top: 0px;\n  padding-bottom: 0px;\n}\n<\/style>\n\t<\/section>\n\t\n","protected":false},"excerpt":{"rendered":"","protected":false},"author":1,"featured_media":0,"parent":0,"menu_order":0,"comment_status":"closed","ping_status":"closed","template":"page-blank.php","meta":{"inline_featured_image":false,"footnotes":""},"class_list":["post-108","page","type-page","status-publish","hentry"],"_links":{"self":[{"href":"https:\/\/360sport.com.vn\/index.php?rest_route=\/wp\/v2\/pages\/108","targetHints":{"allow":["GET"]}}],"collection":[{"href":"https:\/\/360sport.com.vn\/index.php?rest_route=\/wp\/v2\/pages"}],"about":[{"href":"https:\/\/360sport.com.vn\/index.php?rest_route=\/wp\/v2\/types\/page"}],"author":[{"embeddable":true,"href":"https:\/\/360sport.com.vn\/index.php?rest_route=\/wp\/v2\/users\/1"}],"replies":[{"embeddable":true,"href":"https:\/\/360sport.com.vn\/index.php?rest_route=%2Fwp%2Fv2%2Fcomments&post=108"}],"version-history":[{"count":28,"href":"https:\/\/360sport.com.vn\/index.php?rest_route=\/wp\/v2\/pages\/108\/revisions"}],"predecessor-version":[{"id":3137,"href":"https:\/\/360sport.com.vn\/index.php?rest_route=\/wp\/v2\/pages\/108\/revisions\/3137"}],"wp:attachment":[{"href":"https:\/\/360sport.com.vn\/index.php?rest_route=%2Fwp%2Fv2%2Fmedia&parent=108"}],"curies":[{"name":"wp","href":"https:\/\/api.w.org\/{rel}","templated":true}]}}